{"id":3417,"date":"2018-04-19T10:21:29","date_gmt":"2018-04-19T08:21:29","guid":{"rendered":"https:\/\/www.arnalballester.com\/?page_id=3417"},"modified":"2018-12-01T17:23:21","modified_gmt":"2018-12-01T16:23:21","slug":"arnal","status":"publish","type":"page","link":"https:\/\/arnal.yvonnefuertes.com\/ca\/arnal\/","title":{"rendered":"arnal"},"content":{"rendered":"<p>[et_pb_section bb_built=&#8221;1&#8243; _builder_version=&#8221;3.0.74&#8243; custom_margin=&#8221;0px|||&#8221; custom_padding=&#8221;0px|||&#8221; next_background_color=&#8221;#000000&#8243;][et_pb_row _builder_version=&#8221;3.0.74&#8243; custom_margin=&#8221;0px|66px|0px|66px&#8221; custom_padding=&#8221;0px|0px|0px|0px&#8221; make_fullwidth=&#8221;on&#8221; custom_margin_phone=&#8221;0px|10%|0px|10%&#8221; custom_margin_last_edited=&#8221;on|phone&#8221;][et_pb_column type=&#8221;4_4&#8243;][et_pb_text admin_label=&#8221;T\u00edtulo&#8221; _builder_version=&#8221;3.0.74&#8243; background_layout=&#8221;light&#8221; border_style=&#8221;solid&#8221; custom_margin=&#8221;0px|||&#8221; custom_padding=&#8221;0px|||&#8221;]<\/p>\n<h1>Arnal Ballester<\/h1>\n<p>[\/et_pb_text][\/et_pb_column][\/et_pb_row][et_pb_row _builder_version=&#8221;3.0.74&#8243; make_fullwidth=&#8221;on&#8221; custom_margin=&#8221;10px|66px|0px|66px&#8221; custom_padding=&#8221;0px||0px|&#8221; custom_margin_phone=&#8221;10px|10%|0px|10%&#8221; custom_margin_last_edited=&#8221;on|phone&#8221;][et_pb_column type=&#8221;1_2&#8243;][et_pb_text admin_label=&#8221;Sobre el autor I&#8221; _builder_version=&#8221;3.0.74&#8243; background_layout=&#8221;light&#8221; border_style=&#8221;solid&#8221; custom_margin=&#8221;||0px|&#8221; custom_padding=&#8221;||0px|&#8221;]<\/p>\n<p>\nVaig n\u00e8ixer a Barcelona el 1955. S\u00f3c il\u00b7lustrador gr\u00e1fic i des de 1989 professor de Narraci\u00f3 Visual a l&#8217;Escola Massana d&#8217;Art i Disseny de Barcelona.<\/p>\n<p>El meu camp de treball ha estat i \u00e9s molt divers: llibres, premsa, publicitat, diseny, animaci\u00f3 y d&#8217;altres que no sabr\u00eda pas classificar.<\/p>\n<p>Entenc la meva professi\u00f3 com una forma de comunicar lliurement, de provar i d&#8217;aprendre dels errors.<\/p>\n<p>L&#8217;ensenyament m&#8217;agrada\u00a0 perque \u00e9s un intercanvi de coneixements i sempre posa a prova tot all\u00f2 que un d\u00f3na per fet.<\/p>\n<p>[\/et_pb_text][\/et_pb_column][et_pb_column type=&#8221;1_2&#8243;][et_pb_text admin_label=&#8221;Sobre el autor II&#8221; _builder_version=&#8221;3.0.74&#8243; background_layout=&#8221;light&#8221; border_style=&#8221;solid&#8221; custom_margin=&#8221;||0px|&#8221; custom_padding=&#8221;||0px|&#8221;]<\/p>\n<p>\nTamb\u00e9 crec que la qualitat del traball \u00e9s directament proporcional a les hores dedicades a pensar, dibuixar\u00a0o construir sense sotmetre&#8217;s a la lletra de l&#8217;enc\u00e0rrec, els prejudicis dels clients o a la pressi\u00f3 de les factures per pagar.<\/p>\n<p>En el meu cas tot aix\u00f2 ha donat uns 80 llibres il\u00b7lustrats; col\u00b7laboracions habituals en distintes \u00e8poques als principals diaris de l&#8217;estat espanyol i revistes culturals; portades i cartells; animacions per a televisions, fundacions i festivals de cinema; treballs publicats a diversos pa\u00efsos i desenes d&#8217;obres de dif\u00edcil classificaci\u00f3. En aquest web en mostro una part.<\/p>\n<p>[\/et_pb_text][\/et_pb_column][\/et_pb_row][\/et_pb_section][et_pb_section bb_built=&#8221;1&#8243; fullwidth=&#8221;off&#8221; specialty=&#8221;off&#8221; _builder_version=&#8221;3.0.74&#8243; custom_margin=&#8221;0px||0px|&#8221; custom_padding=&#8221;0px||0px|&#8221; prev_background_color=&#8221;#000000&#8243; next_background_color=&#8221;#000000&#8243;][et_pb_row _builder_version=&#8221;3.0.74&#8243; make_fullwidth=&#8221;on&#8221; use_custom_width=&#8221;on&#8221; width_unit=&#8221;off&#8221; custom_width_px=&#8221;2600px&#8221; use_custom_gutter=&#8221;on&#8221; gutter_width=&#8221;1&#8243; custom_margin=&#8221;0px|0px|0px|0px&#8221; custom_padding=&#8221;0px|0px|0px|0px&#8221; custom_width_percent=&#8221;100%&#8221; padding_right_1=&#8221;0px&#8221; padding_left_1=&#8221;0px&#8221; module_class=&#8221;box_galeria&#8221;][et_pb_column type=&#8221;4_4&#8243;][et_pb_gallery _builder_version=&#8221;3.17.6&#8243; show_title_and_caption=&#8221;off&#8221; show_pagination=&#8221;off&#8221; gallery_ids=&#8221;3374,3378,3470,3921,3387&#8243; zoom_icon_color=&#8221;#94acac&#8221; hover_overlay_color=&#8221;rgba(255,255,255,0.9)&#8221; pagination_font_size_tablet=&#8221;51&#8243; pagination_line_height_tablet=&#8221;2&#8243; custom_margin=&#8221;|0px||0px&#8221; custom_padding=&#8221;|0px||0px&#8221; \/][\/et_pb_column][\/et_pb_row][\/et_pb_section][et_pb_section bb_built=&#8221;1&#8243; _builder_version=&#8221;3.0.74&#8243; custom_margin=&#8221;20px|||&#8221; custom_padding=&#8221;0px|||&#8221; prev_background_color=&#8221;#000000&#8243;][et_pb_row _builder_version=&#8221;3.0.74&#8243; make_fullwidth=&#8221;on&#8221; custom_margin=&#8221;45px|66px|0px|66px&#8221; custom_padding=&#8221;0px||0px|&#8221; custom_margin_phone=&#8221;45px|10%|0px|10%&#8221; custom_margin_last_edited=&#8221;on|phone&#8221;][et_pb_column type=&#8221;1_3&#8243;][et_pb_text admin_label=&#8221;Premios&#8221; _builder_version=&#8221;3.0.74&#8243; background_layout=&#8221;light&#8221; border_style=&#8221;solid&#8221; module_class=&#8221;box_autor_03&#8243;]<\/p>\n<h3>Alguns Premis<\/h3>\n<p>&nbsp;<\/p>\n<p><em>Illustrators of the Year Award <\/em>de la Fiera del Libro per Ragazzi di Bologna-UNICEF (1993),<\/p>\n<p><em>Premio a las Mejores Ilustraciones para Libros Infantiles y Juveniles (&#8220;Premio Nacional&#8221;)<\/em>. Direcci\u00f3n General del Libro, Archivos y Bibliotecas (1993)<\/p>\n<p><em>Premi de la Cr\u00edtica \u201cSerra d\u2019Or\u201d 1995<\/em> per les il\u00b7lustracions de la col\u00b7lecci\u00f3 <em>&#8220;Els art\u00edstics casos de Fricand\u00f3&#8221;<\/em><\/p>\n<p><em>Premi Junceda d`Animaci\u00f3<\/em>, pel curt\u00a0<em>Amigo Hulot,\u00a0<\/em>per al Canal Digital+<\/p>\n<p><em>Premio Nacional de Ilustraci\u00f3n<\/em>, Ministerio de Cultura de Espa\u00f1a (2008)<\/p>\n<p><em>Premi Hospital Sant Joan de D\u00e9u\/La Galera (2009)<\/em><\/p>\n<p><em>Premi Gr\u00e1ffica<\/em> 2015<\/p>\n<p>[\/et_pb_text][\/et_pb_column][et_pb_column type=&#8221;1_3&#8243;][et_pb_text admin_label=&#8221;Libros&#8221; _builder_version=&#8221;3.0.74&#8243; background_layout=&#8221;light&#8221; border_style=&#8221;solid&#8221; module_class=&#8221;box_autor_03&#8243;]<\/p>\n<h3>Alguns Llibres<\/h3>\n<p>&nbsp;<\/p>\n<p><em>Joan Salvat Papasseit. Poesies. <\/em>Publicacions de l\u2019Abadia de Montserrat<em>, <\/em>Barcelona 1991<\/p>\n<p><em>\u00a0<\/em><em>Ana est\u00e1 furiosa <\/em>(texto de Christine N\u00f6stlinger)<em>. <\/em>Ediciones SM, Madrid 1992<\/p>\n<p><em>\u00a0<\/em><em>La boca riallera<\/em> (text de Montse Ginesta), Edicions Destino, Barcelona 1992<\/p>\n<p><em>La dol\u00e7a mirada<\/em> (text de Montse Ginesta), Edicions Destino, Barcelona 1992<\/p>\n<p><em>Les dues taques<\/em> (text de Montse Ginesta), Edicions Destino, Barcelona 1993<\/p>\n<p><em>L&#8217;ombra negra<\/em> (text de Montse Ginesta), Edicions Destino, Barcelona 1994<\/p>\n<p><em>\u00a0<\/em><em>R\u00ednxols d&#8217;or <\/em>(adaptaci\u00f3 de Marta Mata)<em>.\u00a0\u00a0<\/em> La Galera, Barcelona 1993<\/p>\n<p><em>\u00a0<\/em><em>Madis\u00fa <\/em>( text de Christine N\u00f6stlinger i Frank Abu Sidib\u00e9) Ediciones Gaviota, Madrid 1997<\/p>\n<p><em>\u00a0<\/em><em>No Tinc Paraules <\/em>(wordless d&#8217;Arnal Ballester). Editorial Media Vaca. Valencia 1998<\/p>\n<p><em>La Llegenda de Guillem Tell <\/em>(adaptaci\u00f3 de M\u00aa Angels Gardella) La Galera<em>, Barcelona 1999<\/em><\/p>\n<p><em>Vista Cansada<\/em>. Ediciones Sins Entido. Madrid 2000<\/p>\n<p><em>Base y el Generador Misterioso<\/em> (text de Jos\u00e9 Antonio Mill\u00e1n. Siruela. Madrid 2002)<\/p>\n<p><em>Sagesses et malices de Birbal, le Radjah,(<\/em>adaptaci\u00f3 de Patrice Favar\u00f3)<em>, <\/em>Albin Michel, Paris 2002<\/p>\n<p><em>Barques de paper<\/em>. (text de Salvador Espriu). Editorial Cru\u00eflla. Barcelona 2003<\/p>\n<p><em>Bestiarara<\/em> (text d&#8217; Arnal Ballester) Orecchio Acerbo. Roma 2003,<\/p>\n<p><em>Chamario<\/em> (rimes d&#8217;Eduardo Polo-Eugenio Montejo). Ediciones Ekar\u00e9. Caracas 2004<\/p>\n<p><em>El Gran Zoo <\/em>(poemari de Nicol\u00e1s Guill\u00e9n). Libros del Zorro Rojo. Barcelona 2009<\/p>\n<p>En Faiqu\u00e9 (text de Rut Vilar), La Galera, Barcelona 2009.<\/p>\n<p><em>Una pierna<\/em> (text de Carlos Grassa Toro), A buen paso, Barcelona 2016<\/p>\n<p><em>El d\u00eda antes de la Revoluci\u00f3n<\/em> (text d&#8217;Ursula K LeGuin), Editorial N\u00f3rdica, Madrid 2017<\/p>\n<p><em>Invitaci\u00f3n a un tiempo explosivo<\/em> (text de Juli\u00e1n Lacalle i Julio Monteverde). Editorial Sexto Piso. M\u00e9xico\/Madrid 2018<\/p>\n<p>&nbsp;<\/p>\n<p>[\/et_pb_text][\/et_pb_column][et_pb_column type=&#8221;1_3&#8243;][et_pb_text admin_label=&#8221;Exposiciones&#8221; _builder_version=&#8221;3.0.74&#8243; background_layout=&#8221;light&#8221; border_style=&#8221;solid&#8221; module_class=&#8221;box_autor_03&#8243;]<\/p>\n<h3>Algunes Exposicions<\/h3>\n<p>&nbsp;<\/p>\n<p>COL\u00b7LECTIVES<\/p>\n<p><em>The Secret Garden<\/em>. 30 aniversari de la Fiera di Bologna dei Livri per Ragazzi. 1996<\/p>\n<p><em>He perdido mi sombra. Arnal Ballester, Ra\u00fal, Calpurnio<\/em>. Obra Cultural Caja San Fernando. Sevilla 2000<\/p>\n<p><em>El texto iluminado. Una mirada a la ilustraci\u00f3n espa\u00f1ola y latinoamericana contempor\u00e1nea<\/em>. Biblioteca Nacional. Madrid 2001<\/p>\n<p><em>Ilustr\u00edsimos. Panorama de la ilustraci\u00f3n infantil y juvenil en Espa\u00f1a<\/em>.\u00a0Fiera di Bologna dei Livri per Ragazzi. Bologna 2005<\/p>\n<p><em>O debuxo por diante.<\/em> Centro Galego de Arte Contemor\u00e1nea. Santiago de Compostela 2007<\/p>\n<p><em>Monz\u00f3. Com triomfar a la vida<\/em>. Centre d&#8217;Art Santa M\u00f2nica. Barcelona 2009<\/p>\n<p><em>Art Dome<\/em>. Galeria Ssamzie. Seul 2009<\/p>\n<p><em>Vivan los Toros<\/em>.Universitat de Valencia. Val\u00e8ncia 2010<\/p>\n<p><em>1812+12<\/em>. AC\/E, Itinerant. 2012<\/p>\n<p><em>Artists and masterpieces of illustration<\/em>.\u00a050 aniversari de la Fiera di Bologna dei Livri per Ragazzi. Bologna 2016<\/p>\n<p><em>Books in Catalan. Sharing the future.<\/em>\u00a0Fiera di Bologna dei Livri per Ragazzi.\u00a0Bologna 2017<\/p>\n<p><em>Ever Meulen &amp; friends.<\/em> La Maison de l&#8217;Image. Brusel\u00b7les 2017<\/p>\n<p>&nbsp;<\/p>\n<p>INDIVIDUALS<\/p>\n<p><em>Vista Cansada<\/em>. El 29, Banyoles (Girona) 1997. Galeria Urania, Barcelona 1999. Galer\u00eda Amok, Par\u00eds 2000. Universidad Tadeo Lozano, Bogot\u00e1 2003. Universdad Nacional, Bogot\u00e1 2003<\/p>\n<p><em>Cifras oficiales<\/em>. Librer\u00eda Panta Rhei. Madrid 2006<\/p>\n<p>&nbsp;<\/p>\n<p>&nbsp;<\/p>\n<p>[\/et_pb_text][\/et_pb_column][\/et_pb_row][\/et_pb_section]<\/p>\n","protected":false},"excerpt":{"rendered":"<p>Arnal Ballester Vaig n\u00e8ixer a Barcelona el 1955. S\u00f3c il\u00b7lustrador gr\u00e1fic i des de 1989 professor de Narraci\u00f3 Visual a l&#8217;Escola Massana d&#8217;Art i Disseny de Barcelona. El meu camp de treball ha estat i \u00e9s molt divers: llibres, premsa, publicitat, diseny, animaci\u00f3 y d&#8217;altres que no sabr\u00eda pas classificar. Entenc la meva professi\u00f3 com [&hellip;]<\/p>\n","protected":false},"author":1,"featured_media":0,"parent":0,"menu_order":0,"comment_status":"closed","ping_status":"closed","template":"","meta":{"_acf_changed":false,"_et_pb_use_builder":"on","_et_pb_old_content":"","_et_gb_content_width":"","inline_featured_image":false,"footnotes":""},"class_list":["post-3417","page","type-page","status-publish","hentry"],"acf":[],"_links":{"self":[{"href":"https:\/\/arnal.yvonnefuertes.com\/ca\/wp-json\/wp\/v2\/pages\/3417","targetHints":{"allow":["GET"]}}],"collection":[{"href":"https:\/\/arnal.yvonnefuertes.com\/ca\/wp-json\/wp\/v2\/pages"}],"about":[{"href":"https:\/\/arnal.yvonnefuertes.com\/ca\/wp-json\/wp\/v2\/types\/page"}],"author":[{"embeddable":true,"href":"https:\/\/arnal.yvonnefuertes.com\/ca\/wp-json\/wp\/v2\/users\/1"}],"replies":[{"embeddable":true,"href":"https:\/\/arnal.yvonnefuertes.com\/ca\/wp-json\/wp\/v2\/comments?post=3417"}],"version-history":[{"count":24,"href":"https:\/\/arnal.yvonnefuertes.com\/ca\/wp-json\/wp\/v2\/pages\/3417\/revisions"}],"predecessor-version":[{"id":3924,"href":"https:\/\/arnal.yvonnefuertes.com\/ca\/wp-json\/wp\/v2\/pages\/3417\/revisions\/3924"}],"wp:attachment":[{"href":"https:\/\/arnal.yvonnefuertes.com\/ca\/wp-json\/wp\/v2\/media?parent=3417"}],"curies":[{"name":"wp","href":"https:\/\/api.w.org\/{rel}","templated":true}]}}