{"id":3419,"date":"2017-09-15T13:08:11","date_gmt":"2017-09-15T11:08:11","guid":{"rendered":"https:\/\/www.arnalballester.com\/?page_id=3419"},"modified":"2018-12-01T17:24:53","modified_gmt":"2018-12-01T16:24:53","slug":"arnal","status":"publish","type":"page","link":"https:\/\/arnal.yvonnefuertes.com\/en\/arnal\/","title":{"rendered":"Arnal"},"content":{"rendered":"<p>[et_pb_section bb_built=&#8221;1&#8243; _builder_version=&#8221;3.0.74&#8243; custom_margin=&#8221;0px|||&#8221; custom_padding=&#8221;0px|||&#8221; next_background_color=&#8221;#000000&#8243;][et_pb_row make_fullwidth=&#8221;on&#8221; custom_padding=&#8221;0px|0px|0px|0px&#8221; custom_margin=&#8221;0px|66px|0px|66px&#8221; _builder_version=&#8221;3.0.74&#8243; custom_margin_phone=&#8221;0px|10%|0px|10%&#8221; custom_margin_last_edited=&#8221;on|phone&#8221;][et_pb_column type=&#8221;4_4&#8243;][et_pb_text admin_label=&#8221;T\u00edtulo&#8221; _builder_version=&#8221;3.0.74&#8243; custom_margin=&#8221;0px|||&#8221; custom_padding=&#8221;0px|||&#8221;]<\/p>\n<h1>Arnal Ballester<\/h1>\n<p>[\/et_pb_text][\/et_pb_column][\/et_pb_row][et_pb_row make_fullwidth=&#8221;on&#8221; custom_padding=&#8221;1px||0px|&#8221; custom_margin=&#8221;10px|66px|0px|66px&#8221; _builder_version=&#8221;3.0.74&#8243; custom_margin_phone=&#8221;10px|10%|0px|10%&#8221; custom_margin_last_edited=&#8221;on|phone&#8221;][et_pb_column type=&#8221;1_2&#8243;][et_pb_text admin_label=&#8221;Sobre el autor I&#8221; _builder_version=&#8221;3.0.74&#8243; custom_margin=&#8221;||0px|&#8221; custom_padding=&#8221;||0px|&#8221; background_layout=&#8221;light&#8221; border_style=&#8221;solid&#8221;]<\/p>\n<p>\nI was born in Barcelona in 1955.\u00a0\u00a0I am\u00a0a\u00a0graphic illustrator.\u00a0Since\u00a01989\u00a0I have been teaching\u00a0Visual Narrative at Escola Massana d&#8217;Art i Disseny in Barcelona.<\/p>\n<p>My field of work is\u00a0quite\u00a0diverse and includes\u00a0books, editorial, advertisement, design, animation and other works that I wouldn&#8217;t know how to classify.<\/p>\n<p>I understand my profession as a way to communicate\u00a0freely,\u00a0trying\u00a0 ways and learning from\u00a0mistakes.<\/p>\n<p>I like teaching because it\u00a0is a means of\u00a0exchanging\u00a0knowledge and\u00a0continuously\u00a0testing\u00a0that which\u00a0is taken\u00a0for granted.<\/p>\n<p>&nbsp;<\/p>\n<p>[\/et_pb_text][\/et_pb_column][et_pb_column type=&#8221;1_2&#8243;][et_pb_text admin_label=&#8221;Sobre el autor II&#8221; _builder_version=&#8221;3.0.74&#8243; custom_margin=&#8221;||0px|&#8221; custom_padding=&#8221;||0px|&#8221; background_layout=&#8221;light&#8221; border_style=&#8221;solid&#8221;]<\/p>\n<p>\nAnd I also believe that the quality of the work is directly proportional to the time spent thinking, drawing or building without being subdued by the duties of the briefings, the prejudices of the clients or the pressure of the bills to pay.<\/p>\n<p>In my case, all\u00a0of\u00a0this\u00a0has resulted in 80 illustrated books; regular contributions,\u00a0during various periods\u00a0of time,\u00a0for\u00a0the\u00a0principal\u00a0Spanish newspapers and cultural magazines; animations for\u00a0TV, foundations\u00a0and film festivals; many works published in several countries and dozens of artworks\u00a0difficult to classify. Some of these\u00a0are\u00a0included\u00a0on this website.<\/p>\n<p>&nbsp;<\/p>\n<p>&nbsp;<\/p>\n<p>&nbsp;<\/p>\n<p>[\/et_pb_text][\/et_pb_column][\/et_pb_row][\/et_pb_section][et_pb_section bb_built=&#8221;1&#8243; _builder_version=&#8221;3.0.74&#8243; custom_margin=&#8221;20px|||&#8221; custom_padding=&#8221;0px|||&#8221; prev_background_color=&#8221;#000000&#8243; next_background_color=&#8221;#000000&#8243;][et_pb_row _builder_version=&#8221;3.0.74&#8243; custom_margin=&#8221;0px|0px|0px|0px&#8221; custom_padding=&#8221;0px|0px|0px|0px&#8221; padding_right_1=&#8221;0px&#8221; padding_left_1=&#8221;0px&#8221; module_class=&#8221;box_galeria&#8221; use_custom_width=&#8221;on&#8221; width_unit=&#8221;off&#8221; custom_width_percent=&#8221;100%&#8221; use_custom_gutter=&#8221;on&#8221; gutter_width=&#8221;1&#8243;][et_pb_column type=&#8221;4_4&#8243;][et_pb_gallery _builder_version=&#8221;3.17.6&#8243; show_title_and_caption=&#8221;off&#8221; show_pagination=&#8221;off&#8221; zoom_icon_color=&#8221;#94acac&#8221; hover_overlay_color=&#8221;rgba(255,255,255,0.9)&#8221; pagination_font_size_tablet=&#8221;51&#8243; pagination_line_height_tablet=&#8221;2&#8243; gallery_ids=&#8221;3375,3379,3471,3925,3388,129&#8243; \/][\/et_pb_column][\/et_pb_row][\/et_pb_section][et_pb_section bb_built=&#8221;1&#8243; _builder_version=&#8221;3.0.74&#8243; custom_margin=&#8221;20px|||&#8221; custom_padding=&#8221;0px|||&#8221; prev_background_color=&#8221;#000000&#8243;][et_pb_row make_fullwidth=&#8221;on&#8221; custom_padding=&#8221;0px||0px|&#8221; custom_margin=&#8221;45px|66px|0px|66px&#8221; _builder_version=&#8221;3.0.74&#8243; custom_margin_phone=&#8221;45px|10%|0px|10%&#8221; custom_margin_last_edited=&#8221;on|phone&#8221;][et_pb_column type=&#8221;1_3&#8243;][et_pb_text _builder_version=&#8221;3.0.74&#8243; background_layout=&#8221;light&#8221; border_style=&#8221;solid&#8221; header_text_color=&#8221;rgba(12,211,168,0.83)&#8221;]<\/p>\n<h3>Some Awards<\/h3>\n<p>&nbsp;<\/p>\n<p><em>Illustrators of the Year Award <\/em>of the Bologna Children&#8217;s Book Fair -UNICEF (1993),<\/p>\n<p><em>Best illustrations <\/em><em>for<\/em><em> Children&#8217;s Books Award (&#8220;National Award&#8221;)<\/em>. General Administration of Books, Archives and Libraries. Spanish Government\u00a0 (1993)<\/p>\n<p><em>Premi de la Cr\u00edtica \u201cSerra d\u2019Or\u201d Award 1995<\/em> to the illustrations for the books <em>Els art\u00edstics casos de&#8217;n Fricand\u00f3<\/em> (The artistic cases of Fricando)<\/p>\n<p><em>Junceda Awards of Animation<\/em>, to <em>Amigo Hulot, for the TV channel Canal Digital+ <\/em>(2004)<\/p>\n<p><em>\u00a0Nacional Illustration Award<\/em>,\u00a0 Minister of Cuture of the Spanish Government (2008)<\/p>\n<p><em>Hospital Sant Joan de D\u00e9u\/La Galera Award (2009)<\/em><\/p>\n<p><em>Gr\u00e1ffica<\/em> Awards 2015<\/p>\n<p>&nbsp;<\/p>\n<p>&nbsp;<\/p>\n<p>[\/et_pb_text][\/et_pb_column][et_pb_column type=&#8221;1_3&#8243;][et_pb_text _builder_version=&#8221;3.0.74&#8243; background_layout=&#8221;light&#8221; border_style=&#8221;solid&#8221;]<\/p>\n<h3>Some Books<\/h3>\n<p>&nbsp;<\/p>\n<p><em>Joan Salvat Papasseit. Poesies. <\/em>Publicacions de l\u2019Abadia de Montserrat<em>, <\/em>Barcelona 1991<\/p>\n<p><em>\u00a0<\/em><em>Ana est\u00e1 furiosa <\/em>(text by Christine N\u00f6stlinger)<em>. <\/em>Ediciones SM, Madrid 1992<\/p>\n<p><em>\u00a0<\/em><em>La boca risue\u00f1a<\/em> (text by Montse Ginesta), Ediciones Destino, Barcelona 1992<\/p>\n<p><em>La dulce mirada<\/em> (text by Montse Ginesta), Ediciones Destino, Barcelona 1992<\/p>\n<p><em>Las dos manchas<\/em> (text by Montse Ginesta), Ediciones Destino, Barcelona 1993<\/p>\n<p><em>La sombra negra<\/em> (text by Montse Ginesta), Ediciones Destino, Barcelona 1994<\/p>\n<p><em>\u00a0<\/em><em>Madis\u00fa. <\/em>( text by Christine N\u00f6stlinger y Frank Abu Sidib\u00e9) Ediciones Gaviota, Madrid 1997<\/p>\n<p><em>Goldilocks and the three Bears <\/em>(adaptation by Marta Mata)<em>.\u00a0\u00a0<\/em> Chronicle Books. San Francisco 1998<\/p>\n<p><em>\u00a0<\/em><em>No Tinc Paraules<\/em> (Arnal Ballester&#8217;s drawings). Editorial Media Vaca. Valencia 1998<\/p>\n<p><em>La Leyenda de Guillermo Tell <\/em>(adaptation by M\u00aa \u00c0ngels Gardella)<em>. La Galera, Barcelona 1999<\/em><\/p>\n<p><em>Vista Cansada<\/em> (drawings by Arnal Ballester). Ediciones Sins Entido. Madrid 2000<\/p>\n<p><em>Base y el Generador Misterioso<\/em> (text by Jos\u00e9 Antonio Mill\u00e1n. Siruela. Madrid 2002)<\/p>\n<p><em>Sagesses et malices de Birbal, le Radjah,(<\/em>adaptation by Patrice Favar\u00f3)<em>, <\/em>Albin Michel, Paris 2002<\/p>\n<p><em>Barques de paper<\/em>. (text by Salvador Espriu). Editorial Cru\u00eflla. Barcelona 2003<\/p>\n<p><em>Bestiarara<\/em> (text by Arnal Ballester) Orecchio Acerbo. Roma 2003,<\/p>\n<p><em>Chamario<\/em> (rhymes by Eduardo Polo-Eugenio Montejo). Ediciones Ekar\u00e9. Caracas 2004<\/p>\n<p><em>El Gran Zoo <\/em>(poem book by Nicol\u00e1s Guill\u00e9n). Libros del Zorro Rojo. Barcelona 2009<\/p>\n<p><em>Don Quehar\u00e9<\/em> (text by Rut Vilar), La Galera, Barcelona 2009.<\/p>\n<p><em>Una pierna<\/em> (text by Carlos Grassa Toro), A buen paso, Barcelona 2016<\/p>\n<p><em>El d\u00eda antes de la Revoluci\u00f3n<\/em> (text by Ursula K LeGuin), Editorial N\u00f3rdica, Madrid 2017<\/p>\n<p><em>Invitaci\u00f3n a un tiempo explosivo<\/em>.(text by Juli\u00e1n Lacalle y Julio Monteverde) Editorial Sexto Piso. M\u00e9xico\/Madrid 2018<\/p>\n<p>&nbsp;<\/p>\n<p>[\/et_pb_text][\/et_pb_column][et_pb_column type=&#8221;1_3&#8243;][et_pb_text _builder_version=&#8221;3.0.74&#8243; background_layout=&#8221;light&#8221; border_style=&#8221;solid&#8221;]<\/p>\n<h3>Some Exhibitions<\/h3>\n<p>&nbsp;<\/p>\n<p>COLLECTIVES<\/p>\n<p><em>The Secret Garden<\/em>. 30 aniversary of Bologna Children&#8217;s Book Fair. 1996<\/p>\n<p><em>He perdido mi sombra<\/em> (I&#8217;ve lost my Shadow). Arnal Ballester, Ra\u00fal, Calpurnio. Obra Cultural Caja San Fernando. Sevilla 2000<\/p>\n<p><em>El texto iluminado. Una mirada a la ilustraci\u00f3n espa\u00f1ola y latinoamericana contempor\u00e1nea (<\/em>The Enlighted Text. A glance about Contemporary Spanish and Latin Ilustration<em>)<\/em>. National Library. Madrid 2001<\/p>\n<p><em>Ilustr\u00edsimos. Panorama de la ilustraci\u00f3n infantil y juvenil en Espa\u00f1a (Ilustr\u00edsimos. An outlook on Spanish Children and Youth Illustration)<\/em>. Bologna Children&#8217;s Book Fair. Bologna 2005<\/p>\n<p><em>O debuxo por diante (<\/em>Drawing First!<em>).<\/em> Centro Galego de Arte Contempor\u00e1nea. Santiago de Compostela 2007<\/p>\n<p><em>Monz\u00f3. Com triomfar a la vida<\/em> (Monz\u00f3. How to be Succesful in Life). Centre d&#8217;Art Santa M\u00f2nica. Barcelona 2009<\/p>\n<p><em>Art Dome<\/em>. Ssamzie Galery . Seul 2009<\/p>\n<p><em>Vivan los Toros<\/em>.Valencia University Valencia (Spain) 2010<\/p>\n<p><em>1812+12<\/em>. AC\/E, Itinerante. 2012<\/p>\n<p><em>Artists and masterpieces of illustration<\/em>.\u00a050 aniversary Bologna Children&#8217;s Book Fair. Bologna 2016<\/p>\n<p><em>Books in Catalan. Sharing the future.<\/em> Bologna Children&#8217;s Book Fair.\u00a0Bologna 2017<\/p>\n<p><em>Ever Meulen &amp; friends.<\/em> La Maison de l&#8217;Image. Brusel\u00b7les 2017<\/p>\n<p>&nbsp;<\/p>\n<p>INDIVIDUALS<\/p>\n<p><em>Vista Cansada<\/em>. El 29, Banyoles (Girona) 1997. Galer\u00eda Urania, Barcelona 1999. Galer\u00eda Amok, Par\u00eds 2000. Universidad Tadeo Lozano, Bogot\u00e1 2003. Universdad Nacional, Bogot\u00e1 2003<\/p>\n<p><em>Cifras oficiales<\/em>. Librer\u00eda Panta Rhei. Madrid 2006<\/p>\n<p>&nbsp;<\/p>\n<p>[\/et_pb_text][\/et_pb_column][\/et_pb_row][\/et_pb_section]<\/p>\n","protected":false},"excerpt":{"rendered":"<p>Arnal Ballester I was born in Barcelona in 1955.\u00a0\u00a0I am\u00a0a\u00a0graphic illustrator.\u00a0Since\u00a01989\u00a0I have been teaching\u00a0Visual Narrative at Escola Massana d&#8217;Art i Disseny in Barcelona. My field of work is\u00a0quite\u00a0diverse and includes\u00a0books, editorial, advertisement, design, animation and other works that I wouldn&#8217;t know how to classify. I understand my profession as a way to communicate\u00a0freely,\u00a0trying\u00a0 ways and [&hellip;]<\/p>\n","protected":false},"author":1,"featured_media":0,"parent":0,"menu_order":0,"comment_status":"closed","ping_status":"closed","template":"","meta":{"_acf_changed":false,"_et_pb_use_builder":"on","_et_pb_old_content":"","_et_gb_content_width":"","inline_featured_image":false,"footnotes":""},"class_list":["post-3419","page","type-page","status-publish","hentry"],"acf":[],"_links":{"self":[{"href":"https:\/\/arnal.yvonnefuertes.com\/en\/wp-json\/wp\/v2\/pages\/3419","targetHints":{"allow":["GET"]}}],"collection":[{"href":"https:\/\/arnal.yvonnefuertes.com\/en\/wp-json\/wp\/v2\/pages"}],"about":[{"href":"https:\/\/arnal.yvonnefuertes.com\/en\/wp-json\/wp\/v2\/types\/page"}],"author":[{"embeddable":true,"href":"https:\/\/arnal.yvonnefuertes.com\/en\/wp-json\/wp\/v2\/users\/1"}],"replies":[{"embeddable":true,"href":"https:\/\/arnal.yvonnefuertes.com\/en\/wp-json\/wp\/v2\/comments?post=3419"}],"version-history":[{"count":15,"href":"https:\/\/arnal.yvonnefuertes.com\/en\/wp-json\/wp\/v2\/pages\/3419\/revisions"}],"predecessor-version":[{"id":3928,"href":"https:\/\/arnal.yvonnefuertes.com\/en\/wp-json\/wp\/v2\/pages\/3419\/revisions\/3928"}],"wp:attachment":[{"href":"https:\/\/arnal.yvonnefuertes.com\/en\/wp-json\/wp\/v2\/media?parent=3419"}],"curies":[{"name":"wp","href":"https:\/\/api.w.org\/{rel}","templated":true}]}}